{"id":2,"date":"2024-10-13T10:32:33","date_gmt":"2024-10-13T10:32:33","guid":{"rendered":"https:\/\/www.stillgefluester-harz.de\/?page_id=2"},"modified":"2024-11-18T11:45:48","modified_gmt":"2024-11-18T10:45:48","slug":"startseite","status":"publish","type":"page","link":"https:\/\/www.stillgefluester-harz.de\/","title":{"rendered":"Startseite"},"content":{"rendered":"\n<p>Hallo, ich bin <em>Anne Wiecker<\/em>,<\/p>\n\n\n\n<p>Mama von zwei wundervollen Kindern, <strong>Hebamme<\/strong> aus Berufung, <strong>bindungsorientierte Familienbegleiterin<\/strong> (BFB)<sup>\u00ae<\/sup> und <strong>Fachkraft f\u00fcr Stillen und Laktation<\/strong> (FSL)<sup>\u00ae<\/sup>.<\/p>\n\n\n\n<p>In meiner Hebammenbetreuung ist mir eine bindungsorientierte und ganzheitliche Begleitung wichtig, in der die Bed\u00fcrfnisse aller Familienmitglieder ber\u00fccksichtigt werden.<br>Ich m\u00f6chte eure elterliche Intuition st\u00e4rken und euch auf eurem individuellen Weg ins Elternsein mit viel Geduld und Kompetenz unterst\u00fctzen. Einen Termin f\u00fcr ein pers\u00f6nliches Kennenlernen kannst du unverbindlich mit mir\u00a0vereinbaren.<\/p>\n\n\n\n<h4 class=\"wp-block-heading\"> Das sind meine Leistungen<\/h4>\n\n\n\n<ul class=\"wp-block-list\">\n<li>Familienorientierte Betreuung &amp; Beratung in der Schwangerschaft und im Wochenbett<\/li>\n\n\n\n<li>Geburtsbegleitung im Harzklinikum Wernigerode (hebammengeleiteter Krei\u00dfsaal)<\/li>\n\n\n\n<li>Kurse zur Geburtsvorbereitung und R\u00fcckbildung<br>HypnoBirthing und geburtsvorbereitende Ern\u00e4hrung<\/li>\n\n\n\n<li>Alternative Heilmethoden wie u.a. Akupunktur, Kinesiotaping<\/li>\n\n\n\n<li>Familienhebamme der Fr\u00fchen Hilfen<\/li>\n\n\n\n<li>Trauerbegleitung mit Sternenkindern<\/li>\n<\/ul>\n\n\n\n<h5 class=\"wp-block-heading\">Durch meine Zusatzausbildung und langj\u00e4hrige Praxiserfahrungen kann ich euch zu folgenden Themenschwerpunkten kompetent, bindungsorientiert und individuell begleiten:<\/h5>\n\n\n\n<p><strong>Kindlicher Schlaf,<\/strong> wie u.a. kindliche Schlafentwicklung, Schlafbedingungen und -umgebungen, Einschlafbegleitung, Durchschlafen, Ver\u00e4nderung von Schlafgewohnheiten, Sicherheit beim Baby- und Kleinkindschlaf<\/p>\n\n\n\n<p><strong>Stillen<\/strong>, wie u.a. der \u201eideale Stillstart\u201c und m\u00f6gliche Herausforderungen, Wachstum des Kindes, Stillprobleme und besondere Stillsituationen, Hilfsmittel und Zuf\u00fcttermethoden, Stillpausen, Abstillberatung<\/p>\n\n\n\n<p><strong>Beikost<\/strong>, wie u.a. Beikoststart und Reifezeichen, das kindliche Essverhalten, Sicherheit, Ern\u00e4hrungskonzepte, N\u00e4hrstoffe, Allergien und Unvertr\u00e4glichkeiten<\/p>\n\n\n\n<h4 class=\"wp-block-heading\">Einzelberatung, Kurse &amp; Workshops<\/h4>\n\n\n\n<p><a href=\"tel:+4915140054507\">0151\u2009\/\u2009400\u2009545\u200907<\/a><br><a href=\"mailto:anne@stillgefluester-harz.de\">anne@stillgefluester-harz.de<\/a><\/p>\n","protected":false},"excerpt":{"rendered":"<p>Hallo, ich bin Anne Wiecker, Mama von zwei wundervollen Kindern, Hebamme aus Berufung, bindungsorientierte Familienbegleiterin (BFB)\u00ae und Fachkraft f\u00fcr Stillen und Laktation (FSL)\u00ae. In meiner Hebammenbetreuung ist mir eine bindungsorientierte und ganzheitliche Begleitung wichtig, in der die Bed\u00fcrfnisse aller Familienmitglieder ber\u00fccksichtigt werden.Ich m\u00f6chte eure elterliche Intuition st\u00e4rken und euch auf eurem individuellen Weg ins Elternsein [&hellip;]<\/p>\n","protected":false},"author":1,"featured_media":0,"parent":0,"menu_order":0,"comment_status":"closed","ping_status":"closed","template":"","meta":{"footnotes":""},"class_list":["post-2","page","type-page","status-publish","hentry"],"blocksy_meta":{"page_structure_type":"type-3","styles_descriptor":{"styles":{"desktop":"","tablet":"","mobile":""},"google_fonts":[],"version":6}},"_links":{"self":[{"href":"https:\/\/www.stillgefluester-harz.de\/index.php?rest_route=\/wp\/v2\/pages\/2","targetHints":{"allow":["GET"]}}],"collection":[{"href":"https:\/\/www.stillgefluester-harz.de\/index.php?rest_route=\/wp\/v2\/pages"}],"about":[{"href":"https:\/\/www.stillgefluester-harz.de\/index.php?rest_route=\/wp\/v2\/types\/page"}],"author":[{"embeddable":true,"href":"https:\/\/www.stillgefluester-harz.de\/index.php?rest_route=\/wp\/v2\/users\/1"}],"replies":[{"embeddable":true,"href":"https:\/\/www.stillgefluester-harz.de\/index.php?rest_route=%2Fwp%2Fv2%2Fcomments&post=2"}],"version-history":[{"count":6,"href":"https:\/\/www.stillgefluester-harz.de\/index.php?rest_route=\/wp\/v2\/pages\/2\/revisions"}],"predecessor-version":[{"id":38,"href":"https:\/\/www.stillgefluester-harz.de\/index.php?rest_route=\/wp\/v2\/pages\/2\/revisions\/38"}],"wp:attachment":[{"href":"https:\/\/www.stillgefluester-harz.de\/index.php?rest_route=%2Fwp%2Fv2%2Fmedia&parent=2"}],"curies":[{"name":"wp","href":"https:\/\/api.w.org\/{rel}","templated":true}]}}